{"id":2147,"date":"2022-10-10T15:18:16","date_gmt":"2022-10-10T13:18:16","guid":{"rendered":"https:\/\/bglbc.allround-tickets.com\/?page_id=2147"},"modified":"2022-10-10T15:18:16","modified_gmt":"2022-10-10T13:18:16","slug":"persbericht","status":"publish","type":"page","link":"https:\/\/www.bglbc.org\/nl\/persbericht\/","title":{"rendered":"Persbericht"},"content":{"rendered":"<h1 style=\"text-align: center;\"><strong>Persbericht<\/strong><\/h1>\n<h2 style=\"text-align: center;\"><strong>Oprichting van de BeNeLux LGBTIQ+ Business Chamber (BGLBC)<\/strong><\/h2>\n<p style=\"text-align: right;\">1 oktober, 2022<\/p>\n<p><em>Tags: Maatschappelijk Verantwoord Ondernemen, Diversiteit en Inclusie, DE&amp;I, LHBTIQ+, Leveranciersdiversiteit, Supplier Diversity<\/em><\/p>\n<p>&nbsp;<\/p>\n<p>In september 2022 is de <strong>BeNeLux LGBTIQ+ Business Chamber<\/strong>* (BGLBC) als vereniging opgericht via de Kamer van Koophandel in Amsterdam.<\/p>\n<p>De BGLBC is in het leven geroepen om een \u200b\u200bplatform te bieden aan LHBTIQ+ ondernemers, die als zodanig gevalideerd zullen worden door de Europese koepelorganisatie <a href=\"https:\/\/eglcc.eu\/en\/\">EGLCC<\/a>. Het initiatief werd gelanceerd door Stefaan De Vreese (Belgi\u00eb), Rocio Sanchez (Amerikaanse expat in Nederland) en Alfred Verhoeven (Nederland).<\/p>\n<p>Een inventariserende online enqu\u00eate leverde al snel meer dan 250 deelnemers op. De eerste bijeenkomsten vonden plaats in Gent en Amsterdam, waar kon worden vastgesteld dat de belangstelling voor de Kamer groot is.<\/p>\n<h3><strong>Waarom<\/strong><\/h3>\n<p>Veel bedrijven en organisaties onderschrijven nu Maatschappelijk Verantwoord Ondernemen: een onderdeel daarvan is het diversiteits- en inclusiebeleid. Dit zal in de eerste plaats een HR-instrument zijn om alle medewerkers in staat te stellen en te stimuleren zichzelf te zijn, maar het strekt zich eveneens uit tot <em>leveranciers<\/em>diversiteit. Dit betreft het proactief inhuren van leveranciers uit o.a. de LHBTIQ+-gemeenschap. Er is echter geen \u2018vlaggetje\u2019 daarvoor opgenomen in het register van de Kamers van Koophandel en het kan ook niet elders worden geverifieerd, in tegenstelling tot leeftijd, geslacht of etniciteit, om enkele andere \u2018diverse minderheden\u2019 te noemen. Hier gaat de BGLBC een rol spelen.<\/p>\n<h3><strong>Belangrijkste doelen van de BGLBC<\/strong><\/h3>\n<ul>\n<li><strong>Validering<\/strong> van bedrijven als eigendom van en ge\u00ebxploiteerd door LHBTIQ+, via de EGLCC<\/li>\n<li><strong>Bevordering<\/strong> van een niet-discriminerende omgeving in de werkomgeving, in samenwerking met zakelijke partners en non-profitorganisaties<\/li>\n<li><strong>Belangenbehartiging<\/strong>, ook richting overheden en NGO&#8217;s<\/li>\n<li>Stimuleren van <strong>leveranciersdiversiteit<\/strong> aan de kant van bedrijven en (semi-) overheidsorganisaties, o.a. door toegang te geven tot de Europese database van gevalideerde leden<\/li>\n<li><strong>Bewustwording<\/strong> en <strong>educatie<\/strong> op het gebied van LHBTIQ+ diversiteit in het bedrijfsleven<\/li>\n<li><strong>Trainen<\/strong>, <strong>coachen<\/strong> en <strong>opleiden<\/strong> van leden<\/li>\n<li><strong>Netwerken<\/strong> van LHBTIQ+ ondernemers met LHBTIQ+ inclusieve bedrijven<\/li>\n<\/ul>\n<h3><strong>Lidmaatschap<\/strong><\/h3>\n<p>Het lidmaatschap van de BGLBC is gratis. De kosten worden gedekt via samenwerkings-verbanden met bedrijven en (semi)overheidsorganisaties, maar ook via subsidies en donaties.<\/p>\n<h3><strong>De regenbooggemeenschap<\/strong><\/h3>\n<p>De koopkracht van de LHBTIQ+-gemeenschap in de Benelux wordt geschat op \u20ac110 miljard. Het aantal LHBTIQ+-ondernemers ligt rond de 76.000, die \u200b\u200b\u20ac16 miljard bijdragen aan de Benelux-economie en werk bieden aan 500.000 mensen.<\/p>\n<h3><strong>Partnerorganisaties<\/strong><\/h3>\n<p>Het bestaan \u200b\u200bvan LHBTIQ+ <em>Business Chambers<\/em> \u2013 of <em>Chambers of Commerce <\/em>zoals ze in sommige markten worden genoemd \u2013 is een succesvolle factor bij de ondersteuning en ontwikkeling van de gemeenschap gebleken. Beginnend in de VS met de <a href=\"https:\/\/nglcc.org\/\">NGLCC<\/a> (sinds 2002), zijn er inmiddels Kamers in 7 Zuid-Amerikaanse landen, <a href=\"https:\/\/www.cglcc.ca\/\">Canada<\/a>, <a href=\"https:\/\/lgbtiplus.com\/\">Zuid-Afrika<\/a> en <a href=\"https:\/\/www.sglba.org.au\/\">Australi\u00eb<\/a>.<\/p>\n<p>In juni 2019 werd de oprichting van de <em>European LGBTI Chamber of Commerce<\/em> (<a href=\"https:\/\/eglcc.eu\/en\/\">EGLCC<\/a>) aangekondigd op een internationale conferentie in Wenen. Naast de <a href=\"https:\/\/sglcc.eu\/\">Scandinavische<\/a>, <a href=\"https:\/\/www.iglbc.it\/\">Italiaanse<\/a> en <a href=\"https:\/\/www.gglbc.de\/en\/\">Duitse<\/a> Kamers, en <a href=\"https:\/\/www.eastmeetswest.eu\/\">East meets West<\/a>, behoort ook de BGLBC tot het Europese netwerk.<\/p>\n<h3><strong>Meer informatie<\/strong><\/h3>\n<p>Bezoek de website <a href=\"http:\/\/www.bglbc.org\/\">www.bglbc.org<\/a> voor meer informatie of neem contact op via <a href=\"mailto:info@bglbc.org\">info@bglbc.org<\/a>. De BGLBC is ook aanwezig op diverse social media platformen.<\/p>\n<p>* De Benelux is de unie tussen Belgi\u00eb, Nederland en Luxemburg: deze werd opgericht in 1944 (v\u00f3\u00f3r de EU) en bestaat nog steeds. We hebben gekozen voor de afkorting LGBTIQ+ in lijn met andere Kamers in Europa. Wij zijn een \u201cBusiness Chamber\u201d, om geen verwarring te cre\u00ebren met de semi-overheids \u201cKamer van Koophandel\u201d.<\/p>\n<p>Website: <a href=\"http:\/\/www.bglbc.org\">www.bglbc.org<\/a><br \/>\nLinkedIn: <a href=\"http:\/\/www.linkedin.com\/company\/86759575\">www.linkedin.com\/company\/86759575<\/a><br \/>\nTwitter: <a href=\"https:\/\/twitter.com\/BeNeLuxGLBC\">https:\/\/twitter.com\/BeNeLuxGLBC<\/a><br \/>\nFacebook: <a href=\"http:\/\/www.facebook.com\/Benelux-Lgbtiq-Business-Chamber-BGLBC-103432735823928\">www.facebook.com\/Benelux-Lgbtiq-Business-Chamber-BGLBC-103432735823928<\/a><\/p>\n<p>KvK Amsterdam: <a href=\"https:\/\/www.kvk.nl\/orderstraat\/product-kiezen\/?kvknummer=87536102\">87536102<\/a><\/p>\n<p>******************************************************************************************************************************************<\/p>\n<p><span style=\"text-decoration: underline;\"><strong>Niet voor publicatie:<\/strong><\/span><\/p>\n<p>Voor verdere vragen, informatie of interviews kunt u contact opnemen met:<\/p>\n<p><a href=\"https:\/\/www.linkedin.com\/in\/alfredverhoeven\">Alfred Verhoeven<\/a>, <a href=\"mailto:alfred@bglbc.org\">alfred@bglbc.org<\/a> (61, gay, hij\/zijn), <a href=\"http:\/\/www.bright.partners\/\">BRIGHT Marketing Solutions<\/a><\/p>\n<p><a href=\"https:\/\/www.linkedin.com\/in\/rocio-d-sanchez\/\">Rocio Sanchez<\/a>, <a href=\"mailto:rocio@bglbc.org\">rocio@bglbc.org<\/a> (27, queer, any pronoun), <a href=\"https:\/\/marketingbyrocio.com\/\">Marketing by Rocio<\/a><\/p>\n<p><a href=\"https:\/\/www.linkedin.com\/in\/stefaan-de-vreese-titanology\/\">Stefaan De Vreese<\/a>, <a href=\"mailto:stefaan@bglbc.org\">stefaan@bglbc.org<\/a> (42, gay, hij\/zijn), <a href=\"https:\/\/titanology.world\/\">Titanology<\/a><\/p>\n","protected":false},"excerpt":{"rendered":"<p>Persbericht Oprichting van de BeNeLux LGBTIQ+ Business Chamber (BGLBC) 1 oktober, 2022 Tags: Maatschappelijk Verantwoord Ondernemen, Diversiteit en Inclusie, DE&amp;I, LHBTIQ+, Leveranciersdiversiteit, Supplier Diversity &nbsp; In september 2022 is de BeNeLux LGBTIQ+ Business Chamber* (BGLBC) als vereniging opgericht via de Kamer van Koophandel in Amsterdam. De BGLBC is in het leven geroepen om een \u200b\u200bplatform [&hellip;]<\/p>\n","protected":false},"author":27,"featured_media":0,"parent":0,"menu_order":0,"comment_status":"closed","ping_status":"closed","template":"","meta":{"footnotes":""},"class_list":["post-2147","page","type-page","status-publish","hentry"],"_links":{"self":[{"href":"https:\/\/www.bglbc.org\/nl\/wp-json\/wp\/v2\/pages\/2147","targetHints":{"allow":["GET"]}}],"collection":[{"href":"https:\/\/www.bglbc.org\/nl\/wp-json\/wp\/v2\/pages"}],"about":[{"href":"https:\/\/www.bglbc.org\/nl\/wp-json\/wp\/v2\/types\/page"}],"author":[{"embeddable":true,"href":"https:\/\/www.bglbc.org\/nl\/wp-json\/wp\/v2\/users\/27"}],"replies":[{"embeddable":true,"href":"https:\/\/www.bglbc.org\/nl\/wp-json\/wp\/v2\/comments?post=2147"}],"version-history":[{"count":2,"href":"https:\/\/www.bglbc.org\/nl\/wp-json\/wp\/v2\/pages\/2147\/revisions"}],"predecessor-version":[{"id":2149,"href":"https:\/\/www.bglbc.org\/nl\/wp-json\/wp\/v2\/pages\/2147\/revisions\/2149"}],"wp:attachment":[{"href":"https:\/\/www.bglbc.org\/nl\/wp-json\/wp\/v2\/media?parent=2147"}],"curies":[{"name":"wp","href":"https:\/\/api.w.org\/{rel}","templated":true}]}}