{"id":2104,"date":"2022-10-10T15:04:01","date_gmt":"2022-10-10T13:04:01","guid":{"rendered":"https:\/\/bglbc.allround-tickets.com\/?page_id=2104"},"modified":"2022-10-10T15:04:01","modified_gmt":"2022-10-10T13:04:01","slug":"benelux","status":"publish","type":"page","link":"https:\/\/www.bglbc.org\/nl\/benelux\/","title":{"rendered":"Benelux"},"content":{"rendered":"<h2>Over de Benelux<\/h2>\n<p>De Benelux is een unie tussen Belgi\u00eb, Nederland en Luxemburg: deze werd opgericht in 1944 (v\u00f3\u00f3r de EU) en bestaat nog steeds.<\/p>\n<p>Hoewel de unie slechts 1,7% van het hele oppervlak van de EU beslaat, bevat het 5,6% van de Europese bevolking (29,55 miljoen inwoners) en 7,9% van het gezamenlijke EU-bbp (\u20ac 36.000\/inwoner).<\/p>\n<h3>De kracht van de regenbooggemeenschap<\/h3>\n<p>De koopkracht van de LHBTIQ+-gemeenschap in de Benelux wordt geschat op \u20ac 110 miljard. Het aantal LHBTIQ+-ondernemers ligt rond de 76.000, draagt \u20ac 16 miljard bij aan de Benelux-economie en biedt werk aan 500.000 mensen.*<\/p>\n<p><img fetchpriority=\"high\" decoding=\"async\" class=\" wp-image-2072 aligncenter\" src=\"https:\/\/www.bglbc.org\/wp-content\/uploads\/2022\/10\/2000px-Benelux_schematic_map.svg_-550x640-1-232x300.png\" alt=\"\" width=\"288\" height=\"372\" \/><\/p>\n<p>* Deze cijfers zijn een projectie, gebaseerd op beschikbare statistieken uit Duitsland, Scandinavi\u00eb, Canada en de VS.<\/p>\n","protected":false},"excerpt":{"rendered":"<p>Over de Benelux De Benelux is een unie tussen Belgi\u00eb, Nederland en Luxemburg: deze werd opgericht in 1944 (v\u00f3\u00f3r de EU) en bestaat nog steeds. Hoewel de unie slechts 1,7% van het hele oppervlak van de EU beslaat, bevat het 5,6% van de Europese bevolking (29,55 miljoen inwoners) en 7,9% van het gezamenlijke EU-bbp (\u20ac [&hellip;]<\/p>\n","protected":false},"author":27,"featured_media":0,"parent":0,"menu_order":0,"comment_status":"closed","ping_status":"closed","template":"","meta":{"footnotes":""},"class_list":["post-2104","page","type-page","status-publish","hentry"],"_links":{"self":[{"href":"https:\/\/www.bglbc.org\/nl\/wp-json\/wp\/v2\/pages\/2104","targetHints":{"allow":["GET"]}}],"collection":[{"href":"https:\/\/www.bglbc.org\/nl\/wp-json\/wp\/v2\/pages"}],"about":[{"href":"https:\/\/www.bglbc.org\/nl\/wp-json\/wp\/v2\/types\/page"}],"author":[{"embeddable":true,"href":"https:\/\/www.bglbc.org\/nl\/wp-json\/wp\/v2\/users\/27"}],"replies":[{"embeddable":true,"href":"https:\/\/www.bglbc.org\/nl\/wp-json\/wp\/v2\/comments?post=2104"}],"version-history":[{"count":4,"href":"https:\/\/www.bglbc.org\/nl\/wp-json\/wp\/v2\/pages\/2104\/revisions"}],"predecessor-version":[{"id":2124,"href":"https:\/\/www.bglbc.org\/nl\/wp-json\/wp\/v2\/pages\/2104\/revisions\/2124"}],"wp:attachment":[{"href":"https:\/\/www.bglbc.org\/nl\/wp-json\/wp\/v2\/media?parent=2104"}],"curies":[{"name":"wp","href":"https:\/\/api.w.org\/{rel}","templated":true}]}}