{"id":5278,"date":"2016-03-07T03:11:04","date_gmt":"2016-03-07T03:11:04","guid":{"rendered":"https:\/\/www.bglbc.org\/about-us\/"},"modified":"2023-04-03T12:02:26","modified_gmt":"2023-04-03T10:02:26","slug":"a-propos-de-nous","status":"publish","type":"page","link":"https:\/\/www.bglbc.org\/fr\/a-propos-de-nous\/","title":{"rendered":"\u00c0 propos de nous"},"content":{"rendered":"\t\t<div data-elementor-type=\"wp-post\" data-elementor-id=\"5278\" class=\"elementor elementor-5278 elementor-612\">\n\t\t\t\t\t\t<section class=\"elementor-section elementor-top-section elementor-element elementor-element-6327 elementor-section-boxed elementor-section-height-default elementor-section-height-default\" data-id=\"6327\" data-element_type=\"section\" data-e-type=\"section\">\n\t\t\t\t\t\t<div class=\"elementor-container elementor-column-gap-default\">\n\t\t\t\t\t<div class=\"elementor-column elementor-col-100 elementor-top-column elementor-element elementor-element-11e6 column-style-top column-top\" data-id=\"11e6\" data-element_type=\"column\" data-e-type=\"column\">\n\t\t\t<div class=\"elementor-widget-wrap elementor-element-populated\">\n\t\t\t\t\t\t<div class=\"elementor-element elementor-element-d777ec9 elementor-widget elementor-widget-image\" data-id=\"d777ec9\" data-element_type=\"widget\" data-e-type=\"widget\" data-widget_type=\"image.default\">\n\t\t\t\t<div class=\"elementor-widget-container\">\n\t\t\t\t\t\t\t\t\t\t\t\t\t\t\t<img fetchpriority=\"high\" decoding=\"async\" width=\"780\" height=\"408\" src=\"https:\/\/www.bglbc.org\/wp-content\/uploads\/2022\/10\/KvK-high-five.png\" class=\"attachment-oxpitan_medium size-oxpitan_medium wp-image-2005\" alt=\"\" \/>\t\t\t\t\t\t\t\t\t\t\t\t\t\t\t<\/div>\n\t\t\t\t<\/div>\n\t\t\t\t\t<\/div>\n\t\t<\/div>\n\t\t\t\t\t<\/div>\n\t\t<\/section>\n\t\t\t\t<section class=\"elementor-section elementor-top-section elementor-element elementor-element-77be elementor-section-boxed elementor-section-height-default elementor-section-height-default\" data-id=\"77be\" data-element_type=\"section\" data-e-type=\"section\">\n\t\t\t\t\t\t<div class=\"elementor-container elementor-column-gap-default\">\n\t\t\t\t\t<div class=\"elementor-column elementor-col-50 elementor-top-column elementor-element elementor-element-c9fa9a1 column-style-top column-top\" data-id=\"c9fa9a1\" data-element_type=\"column\" data-e-type=\"column\">\n\t\t\t<div class=\"elementor-widget-wrap elementor-element-populated\">\n\t\t\t\t\t\t<div class=\"elementor-element elementor-element-bc9e88f elementor-widget elementor-widget-image\" data-id=\"bc9e88f\" data-element_type=\"widget\" data-e-type=\"widget\" data-widget_type=\"image.default\">\n\t\t\t\t<div class=\"elementor-widget-container\">\n\t\t\t\t\t\t\t\t\t\t\t\t\t\t\t<img decoding=\"async\" width=\"780\" height=\"391\" src=\"https:\/\/www.bglbc.org\/wp-content\/uploads\/2022\/08\/Amsterdam-meeting.png\" class=\"attachment-oxpitan_medium size-oxpitan_medium wp-image-1624\" alt=\"\" \/>\t\t\t\t\t\t\t\t\t\t\t\t\t\t\t<\/div>\n\t\t\t\t<\/div>\n\t\t\t\t\t<\/div>\n\t\t<\/div>\n\t\t\t\t<div class=\"elementor-column elementor-col-50 elementor-top-column elementor-element elementor-element-0b41627 column-style-top column-top\" data-id=\"0b41627\" data-element_type=\"column\" data-e-type=\"column\">\n\t\t\t<div class=\"elementor-widget-wrap elementor-element-populated\">\n\t\t\t\t\t\t<div class=\"elementor-element elementor-element-adca471 elementor-widget elementor-widget-gva-heading-block\" data-id=\"adca471\" data-element_type=\"widget\" data-e-type=\"widget\" data-widget_type=\"gva-heading-block.default\">\n\t\t\t\t<div class=\"elementor-widget-container\">\n\t\t\t\t\t<div class=\"gva-element-gva-heading-block gva-element\">   <div class=\"align-left style-1 widget gsc-heading\">\r\n      <div class=\"content-inner\">\r\n                     <div class=\"heading-icon\"><img decoding=\"async\" src=\"https:\/\/www.bglbc.org\/wp-content\/plugins\/gavias-oxpitan-themer\/elementor\/assets\/images\/icon-heading.png\" alt=\"La fondation de la BGLBC\"\/><\/div>\r\n           \r\n                     <h2 class=\"title\">\r\n               <span>La fondation de la BGLBC<\/span>\r\n            <\/h2>\r\n                              <div class=\"sub-title\"><span>Comment tout a commenc\u00e9<\/span><\/div>\r\n                              <div class=\"title-desc\">En juillet 2022, l'initiative a \u00e9t\u00e9 lanc\u00e9e pour cr\u00e9er la BeNeLux LGBTIQ+ Business Chamber* (BGLBC). Pour obtenir les commentaires des membres (potentiels), une enqu\u00eate trilingue a \u00e9t\u00e9 mise en place, qui a rapidement rassembl\u00e9 plus de 250 participants. L'enqu\u00eate reste ouverte pour plus d'entr\u00e9es et de commentaires\u00a0: vous \u00eates invit\u00e9 \u00e0 la remplir (cela prend 2\u00a0minutes).\n\nUne premi\u00e8re r\u00e9union a eu lieu \u00e0 Gand, une seconde \u00e0 Amsterdam (photo de gauche) o\u00f9 nous avons eu l'opportunit\u00e9 de rencontrer les entrepreneurs, et de pr\u00e9senter les premiers r\u00e9sultats de l'enqu\u00eate.\n\nNous prendrons l'\u00e9t\u00e9 pour faire les prochaines \u00e9tapes, et vous tiendrons inform\u00e9s.\n\n* Nous avons choisi l'abr\u00e9viation LGBTIQ+ pour \u00eatre en ligne avec les autres Chambres en Europe.\nNous sommes une Chambre de Commerce, pour ne pas \u00eatre confondue avec la Chambre de Commerce semi-gouvernementale.\n\nEn savoir plus sur le Benelux et le pouvoir de la communaut\u00e9 arc-en-ciel.<\/div>\r\n         \r\n               <\/div>\r\n   <\/div>\r\n   <div class=\"clearfix\"><\/div>\r\n<\/div>\t\t\t\t<\/div>\n\t\t\t\t<\/div>\n\t\t\t\t\t<\/div>\n\t\t<\/div>\n\t\t\t\t\t<\/div>\n\t\t<\/section>\n\t\t\t\t<section class=\"elementor-section elementor-top-section elementor-element elementor-element-70ef elementor-section-boxed elementor-section-height-default elementor-section-height-default\" data-id=\"70ef\" data-element_type=\"section\" data-e-type=\"section\">\n\t\t\t\t\t\t<div class=\"elementor-container elementor-column-gap-default\">\n\t\t\t\t\t<div class=\"elementor-column elementor-col-100 elementor-top-column elementor-element elementor-element-19ce column-style-top column-top\" data-id=\"19ce\" data-element_type=\"column\" data-e-type=\"column\">\n\t\t\t<div class=\"elementor-widget-wrap elementor-element-populated\">\n\t\t\t\t\t\t<div class=\"elementor-element elementor-element-5ed0 elementor-widget elementor-widget-gva-heading-block\" data-id=\"5ed0\" data-element_type=\"widget\" data-e-type=\"widget\" data-widget_type=\"gva-heading-block.default\">\n\t\t\t\t<div class=\"elementor-widget-container\">\n\t\t\t\t\t<div class=\"gva-element-gva-heading-block gva-element\">   <div class=\"align-center style-1 widget gsc-heading\">\r\n      <div class=\"content-inner\">\r\n                     <div class=\"heading-icon\"><img decoding=\"async\" src=\"https:\/\/www.bglbc.org\/wp-content\/plugins\/gavias-oxpitan-themer\/elementor\/assets\/images\/icon-heading.png\" alt=\"Les membres de notre conseil d&#039;administration\"\/><\/div>\r\n           \r\n                     <h2 class=\"title\">\r\n               <span>Les membres de notre conseil d'administration<\/span>\r\n            <\/h2>\r\n                              <div class=\"sub-title\"><span>Rencontrer l&#039;\u00e9quipe<\/span><\/div>\r\n                  \r\n               <\/div>\r\n   <\/div>\r\n   <div class=\"clearfix\"><\/div>\r\n<\/div>\t\t\t\t<\/div>\n\t\t\t\t<\/div>\n\t\t\t\t<div class=\"elementor-element elementor-element-6ec9 elementor-widget elementor-widget-gva-teams\" data-id=\"6ec9\" data-element_type=\"widget\" data-e-type=\"widget\" data-widget_type=\"gva-teams.default\">\n\t\t\t\t<div class=\"elementor-widget-container\">\n\t\t\t\t\t<div class=\"gva-element-gva-teams gva-element\">  \r\n  <div class=\"gva-teams-grid clearfix grid-63yl\">\r\n      <div class=\"gva-content-items\"> \r\n        <div class=\"lg-block-grid-3 md-block-grid-3 sm-block-grid-2 xs-block-grid-1\">\r\n          <div class=\"team-block team-v2 text-light\">\n\t\t\t<div class=\"team-image\">\n\t\t \t<a href=\"https:\/\/www.bglbc.org\/fr\/team\/nicolas-van-elsue\/\"><img decoding=\"async\" width=\"500\" height=\"500\" src=\"https:\/\/www.bglbc.org\/wp-content\/uploads\/2023\/06\/artworks-7y6L75lHEgbEdBvU-UlEXcQ-t500x500.jpg\" class=\"attachment-post-thumbnail size-post-thumbnail wp-post-image\" alt=\"Nicolas Van Elsu\u00e9\" \/><\/a>\n\t\t \t\t\t\t   <div class=\"socials-team\">\n\t\t     \t\t\t     \t\t\t\t\t\t     \t<a class=\"gva-social\" href=\"\">\n\t\t\t\t         <i class=\"fa fa-facebook\"><\/i>\n\t\t\t\t      <\/a>\n\t\t\t\t      \n\t\t     \t\t\t     \t\t\t\t\t\t     \t<a class=\"gva-social\" href=\"\">\n\t\t\t\t         <i class=\"fa fa-twitter\"><\/i>\n\t\t\t\t      <\/a>\n\t\t\t\t      \n\t\t     \t\t\t     \t\t\t\t\t\t     \t<a class=\"gva-social\" href=\"https:\/\/www.linkedin.com\/in\/nicolas-van-elsue\/\">\n\t\t\t\t         <i class=\"fa fa-linkedin-square\"><\/i>\n\t\t\t\t      <\/a>\n\t\t\t\t      \n\t\t     \t\t\t\t   <\/div>\n\t\t\t\t\t<\/div>\n\t\t<div class=\"team-content\">\n               <div class=\"bg-overlay turquoise\">\n            <div class=\"bg-overlay-1\"><\/div>\n            <div class=\"bg-overlay-2\"><\/div>\n         <\/div>\n         \n\t   <div class=\"team-content-inner\">\n         <div class=\"team-name\"><a href=\"https:\/\/www.bglbc.org\/fr\/team\/nicolas-van-elsue\/\">Nicolas Van Elsu\u00e9<\/a><\/div>\n   \t      \n   \t   \t<div class=\"team-job\">Board Member Rosa Letzebuerg<\/div>\n   \t         <\/div>\n\t<\/div>\n<\/div>  <div class=\"team-block team-v2 text-light\">\n\t\t\t<div class=\"team-image\">\n\t\t \t<a href=\"https:\/\/www.bglbc.org\/fr\/team\/rocio-sanchez\/\"><img loading=\"lazy\" decoding=\"async\" width=\"533\" height=\"550\" src=\"https:\/\/www.bglbc.org\/wp-content\/uploads\/2022\/08\/Rocio-website.png\" class=\"attachment-post-thumbnail size-post-thumbnail wp-post-image\" alt=\"Rocio Sanchez with the Eifeltower in the background\" \/><\/a>\n\t\t \t\t\t\t   <div class=\"socials-team\">\n\t\t     \t\t\t     \t\t\t\t\t\t     \t<a class=\"gva-social\" href=\"https:\/\/www.linkedin.com\/in\/rocio-d-sanchez\/\">\n\t\t\t\t         <i class=\"fa fa-linkedin-square\"><\/i>\n\t\t\t\t      <\/a>\n\t\t\t\t      \n\t\t     \t\t\t\t   <\/div>\n\t\t\t\t\t<\/div>\n\t\t<div class=\"team-content\">\n               <div class=\"bg-overlay turquoise\">\n            <div class=\"bg-overlay-1\"><\/div>\n            <div class=\"bg-overlay-2\"><\/div>\n         <\/div>\n         \n\t   <div class=\"team-content-inner\">\n         <div class=\"team-name\"><a href=\"https:\/\/www.bglbc.org\/fr\/team\/rocio-sanchez\/\">Rocio Sanchez<\/a><\/div>\n   \t      \n   \t   \t<div class=\"team-job\">CEO of Marketing by Rocio<\/div>\n   \t         <\/div>\n\t<\/div>\n<\/div>  <div class=\"team-block team-v2 text-light\">\n\t\t\t<div class=\"team-image\">\n\t\t \t<a href=\"https:\/\/www.bglbc.org\/fr\/team\/alfred-verhoeven\/\"><img loading=\"lazy\" decoding=\"async\" width=\"550\" height=\"550\" src=\"https:\/\/www.bglbc.org\/wp-content\/uploads\/2022\/08\/Alfred-LinkedIn.jpeg\" class=\"attachment-post-thumbnail size-post-thumbnail wp-post-image\" alt=\"Alfred Verhoeven\" \/><\/a>\n\t\t \t\t\t\t   <div class=\"socials-team\">\n\t\t     \t\t\t     \t\t\t\t\t\t     \t<a class=\"gva-social\" href=\"https:\/\/www.linkedin.com\/in\/alfredverhoeven\">\n\t\t\t\t         <i class=\"fa fa-linkedin-square\"><\/i>\n\t\t\t\t      <\/a>\n\t\t\t\t      \n\t\t     \t\t\t\t   <\/div>\n\t\t\t\t\t<\/div>\n\t\t<div class=\"team-content\">\n               <div class=\"bg-overlay turquoise\">\n            <div class=\"bg-overlay-1\"><\/div>\n            <div class=\"bg-overlay-2\"><\/div>\n         <\/div>\n         \n\t   <div class=\"team-content-inner\">\n         <div class=\"team-name\"><a href=\"https:\/\/www.bglbc.org\/fr\/team\/alfred-verhoeven\/\">Alfred Verhoeven<\/a><\/div>\n   \t      \n   \t   \t<div class=\"team-job\">CEO BRIGHT Marketing Solutions<\/div>\n   \t         <\/div>\n\t<\/div>\n<\/div>  <div class=\"team-block team-v2 text-light\">\n\t\t\t<div class=\"team-image\">\n\t\t \t<a href=\"https:\/\/www.bglbc.org\/fr\/team\/stefaan-de-vreese\/\"><img loading=\"lazy\" decoding=\"async\" width=\"413\" height=\"550\" src=\"https:\/\/www.bglbc.org\/wp-content\/uploads\/2022\/08\/Stefaan-foto-scaled.jpeg\" class=\"attachment-post-thumbnail size-post-thumbnail wp-post-image\" alt=\"\" \/><\/a>\n\t\t \t\t\t\t   <div class=\"socials-team\">\n\t\t     \t\t\t     \t\t\t\t\t\t     \t<a class=\"gva-social\" href=\"#\">\n\t\t\t\t         <i class=\"fa fa-facebook\"><\/i>\n\t\t\t\t      <\/a>\n\t\t\t\t      \n\t\t     \t\t\t     \t\t\t\t\t\t     \t<a class=\"gva-social\" href=\"#\">\n\t\t\t\t         <i class=\"fa fa-twitter\"><\/i>\n\t\t\t\t      <\/a>\n\t\t\t\t      \n\t\t     \t\t\t     \t\t\t\t\t\t     \t<a class=\"gva-social\" href=\"https:\/\/www.linkedin.com\/in\/stefaan-de-vreese-titanology\/\">\n\t\t\t\t         <i class=\"fa fa-linkedin-square\"><\/i>\n\t\t\t\t      <\/a>\n\t\t\t\t      \n\t\t     \t\t\t\t   <\/div>\n\t\t\t\t\t<\/div>\n\t\t<div class=\"team-content\">\n               <div class=\"bg-overlay turquoise\">\n            <div class=\"bg-overlay-1\"><\/div>\n            <div class=\"bg-overlay-2\"><\/div>\n         <\/div>\n         \n\t   <div class=\"team-content-inner\">\n         <div class=\"team-name\"><a href=\"https:\/\/www.bglbc.org\/fr\/team\/stefaan-de-vreese\/\">Stefaan De Vreese<\/a><\/div>\n   \t      \n   \t   \t<div class=\"team-job\">CEO Titanology<\/div>\n   \t         <\/div>\n\t<\/div>\n<\/div>          <\/div>\r\n      <\/div>\r\n        <\/div>\r\n  <\/div>\t\t\t\t<\/div>\n\t\t\t\t<\/div>\n\t\t\t\t\t<\/div>\n\t\t<\/div>\n\t\t\t\t\t<\/div>\n\t\t<\/section>\n\t\t\t\t<section class=\"elementor-section elementor-top-section elementor-element elementor-element-2f234ed elementor-section-boxed elementor-section-height-default elementor-section-height-default\" data-id=\"2f234ed\" data-element_type=\"section\" data-e-type=\"section\" data-settings=\"{&quot;background_background&quot;:&quot;classic&quot;}\">\n\t\t\t\t\t\t<div class=\"elementor-container elementor-column-gap-default\">\n\t\t\t\t\t<div class=\"elementor-column elementor-col-50 elementor-top-column elementor-element elementor-element-2350ec8 column-style-top column-top\" data-id=\"2350ec8\" data-element_type=\"column\" data-e-type=\"column\">\n\t\t\t<div class=\"elementor-widget-wrap elementor-element-populated\">\n\t\t\t\t\t\t<div class=\"elementor-element elementor-element-87752b2 elementor-widget elementor-widget-gva-heading-block\" data-id=\"87752b2\" data-element_type=\"widget\" data-e-type=\"widget\" data-widget_type=\"gva-heading-block.default\">\n\t\t\t\t<div class=\"elementor-widget-container\">\n\t\t\t\t\t<div class=\"gva-element-gva-heading-block gva-element\">   <div class=\"align-left style-1 widget gsc-heading\">\r\n      <div class=\"content-inner\">\r\n                     <div class=\"heading-icon\"><img decoding=\"async\" src=\"https:\/\/www.bglbc.org\/wp-content\/plugins\/gavias-oxpitan-themer\/elementor\/assets\/images\/icon-heading.png\" alt=\"Vous avez une question\u00a0?\"\/><\/div>\r\n           \r\n                     <h2 class=\"title\">\r\n               <span>Vous avez une question\u00a0?<\/span>\r\n            <\/h2>\r\n                              <div class=\"sub-title\"><span>Frequently asked questions<\/span><\/div>\r\n                  \r\n               <\/div>\r\n   <\/div>\r\n   <div class=\"clearfix\"><\/div>\r\n<\/div>\t\t\t\t<\/div>\n\t\t\t\t<\/div>\n\t\t\t\t<div class=\"elementor-element elementor-element-e465e95 elementor-widget elementor-widget-image\" data-id=\"e465e95\" data-element_type=\"widget\" data-e-type=\"widget\" data-widget_type=\"image.default\">\n\t\t\t\t<div class=\"elementor-widget-container\">\n\t\t\t\t\t\t\t\t\t\t\t\t\t\t\t<img loading=\"lazy\" decoding=\"async\" width=\"1536\" height=\"1024\" src=\"https:\/\/www.bglbc.org\/wp-content\/uploads\/2022\/10\/SCM2.webp\" class=\"attachment-full size-full wp-image-2644\" alt=\"\" \/>\t\t\t\t\t\t\t\t\t\t\t\t\t\t\t<\/div>\n\t\t\t\t<\/div>\n\t\t\t\t\t<\/div>\n\t\t<\/div>\n\t\t\t\t<div class=\"elementor-column elementor-col-50 elementor-top-column elementor-element elementor-element-6fed7ec column-style-top column-top\" data-id=\"6fed7ec\" data-element_type=\"column\" data-e-type=\"column\">\n\t\t\t<div class=\"elementor-widget-wrap elementor-element-populated\">\n\t\t\t\t\t\t<div class=\"elementor-element elementor-element-cc28219 elementor-widget elementor-widget-accordion\" data-id=\"cc28219\" data-element_type=\"widget\" data-e-type=\"widget\" data-widget_type=\"accordion.default\">\n\t\t\t\t<div class=\"elementor-widget-container\">\n\t\t\t\t\t\t\t<div class=\"elementor-accordion\">\n\t\t\t\t\t\t\t<div class=\"elementor-accordion-item\">\n\t\t\t\t\t<h2 id=\"elementor-tab-title-2141\" class=\"elementor-tab-title\" data-tab=\"1\" role=\"button\" aria-controls=\"elementor-tab-content-2141\" aria-expanded=\"false\">\n\t\t\t\t\t\t\t\t\t\t\t\t\t<span class=\"elementor-accordion-icon elementor-accordion-icon-right\" aria-hidden=\"true\">\n\t\t\t\t\t\t\t\t\t\t\t\t\t\t\t<span class=\"elementor-accordion-icon-closed\"><i class=\"fas fa-plus\"><\/i><\/span>\n\t\t\t\t\t\t\t\t<span class=\"elementor-accordion-icon-opened\"><i class=\"fas fa-minus\"><\/i><\/span>\n\t\t\t\t\t\t\t\t\t\t\t\t\t\t<\/span>\n\t\t\t\t\t\t\t\t\t\t\t\t<a class=\"elementor-accordion-title\" tabindex=\"0\">Quel est le co\u00fbt de l'inscription ?<\/a>\n\t\t\t\t\t<\/h2>\n\t\t\t\t\t<div id=\"elementor-tab-content-2141\" class=\"elementor-tab-content elementor-clearfix\" data-tab=\"1\" role=\"region\" aria-labelledby=\"elementor-tab-title-2141\"><p>L&rsquo;inscription est gratuite ! Nous voulons qu&rsquo;il soit aussi facile que possible pour tout propri\u00e9taire d&rsquo;entreprise LGBTQ+ de s&rsquo;inscrire et de se connecter avec les autres.<\/p><\/div>\n\t\t\t\t<\/div>\n\t\t\t\t\t\t\t\t<\/div>\n\t\t\t\t\t\t<\/div>\n\t\t\t\t<\/div>\n\t\t\t\t\t<\/div>\n\t\t<\/div>\n\t\t\t\t\t<\/div>\n\t\t<\/section>\n\t\t\t\t<\/div>\n\t\t","protected":false},"excerpt":{"rendered":"<p>La fondation de la BGLBC Comment tout a commenc\u00e9 En juillet 2022, l&rsquo;initiative a \u00e9t\u00e9 lanc\u00e9e pour cr\u00e9er la BeNeLux LGBTIQ+ Business Chamber* (BGLBC). Pour obtenir les commentaires des membres (potentiels), une enqu\u00eate trilingue a \u00e9t\u00e9 mise en place, qui a rapidement rassembl\u00e9 plus de 250 participants. L&rsquo;enqu\u00eate reste ouverte pour plus d&rsquo;entr\u00e9es et de [&hellip;]<\/p>\n","protected":false},"author":27,"featured_media":0,"parent":0,"menu_order":0,"comment_status":"closed","ping_status":"closed","template":"","meta":{"footnotes":""},"class_list":["post-5278","page","type-page","status-publish","hentry"],"_links":{"self":[{"href":"https:\/\/www.bglbc.org\/fr\/wp-json\/wp\/v2\/pages\/5278","targetHints":{"allow":["GET"]}}],"collection":[{"href":"https:\/\/www.bglbc.org\/fr\/wp-json\/wp\/v2\/pages"}],"about":[{"href":"https:\/\/www.bglbc.org\/fr\/wp-json\/wp\/v2\/types\/page"}],"author":[{"embeddable":true,"href":"https:\/\/www.bglbc.org\/fr\/wp-json\/wp\/v2\/users\/27"}],"replies":[{"embeddable":true,"href":"https:\/\/www.bglbc.org\/fr\/wp-json\/wp\/v2\/comments?post=5278"}],"version-history":[{"count":14,"href":"https:\/\/www.bglbc.org\/fr\/wp-json\/wp\/v2\/pages\/5278\/revisions"}],"predecessor-version":[{"id":5322,"href":"https:\/\/www.bglbc.org\/fr\/wp-json\/wp\/v2\/pages\/5278\/revisions\/5322"}],"wp:attachment":[{"href":"https:\/\/www.bglbc.org\/fr\/wp-json\/wp\/v2\/media?parent=5278"}],"curies":[{"name":"wp","href":"https:\/\/api.w.org\/{rel}","templated":true}]}}