{"id":5217,"date":"2018-03-06T07:21:16","date_gmt":"2018-03-06T07:21:16","guid":{"rendered":"https:\/\/www.bglbc.org\/events\/"},"modified":"2023-04-24T12:08:42","modified_gmt":"2023-04-24T10:08:42","slug":"events","status":"publish","type":"page","link":"https:\/\/www.bglbc.org\/fr\/events\/","title":{"rendered":"Events"},"content":{"rendered":"\t\t<div data-elementor-type=\"wp-post\" data-elementor-id=\"5217\" class=\"elementor elementor-5217 elementor-2827\">\n\t\t\t\t\t\t<section class=\"elementor-section elementor-top-section elementor-element elementor-element-d06cc1f elementor-section-boxed elementor-section-height-default elementor-section-height-default\" data-id=\"d06cc1f\" data-element_type=\"section\" data-e-type=\"section\">\n\t\t\t\t\t\t<div class=\"elementor-container elementor-column-gap-default\">\n\t\t\t\t\t<div class=\"elementor-column elementor-col-100 elementor-top-column elementor-element elementor-element-131f1e3 column-style-top column-top\" data-id=\"131f1e3\" data-element_type=\"column\" data-e-type=\"column\">\n\t\t\t<div class=\"elementor-widget-wrap elementor-element-populated\">\n\t\t\t\t\t\t<div class=\"elementor-element elementor-element-4cce77a elementor-widget elementor-widget-upcoming-event-listing\" data-id=\"4cce77a\" data-element_type=\"widget\" data-e-type=\"widget\" data-widget_type=\"upcoming-event-listing.default\">\n\t\t\t\t<div class=\"elementor-widget-container\">\n\t\t\t\t\t\n<form class=\"wpem-main wpem-form-wrapper wpem-event-filter-wrapper event_filters\" id=\"event_filters\">\n\t<input type=\"hidden\" id=\"wpem_filter_nonce\" name=\"wpem_filter_nonce\" value=\"80c85aad73\" \/><input type=\"hidden\" name=\"_wp_http_referer\" value=\"\/fr\/wp-json\/wp\/v2\/pages\/5217\" \/>\t\t<div class=\"search_events search-form-container\">\n\t\t\t\t<div class=\"wpem-row\">\n\t\t\t<!-- Search by keywords section start -->\n\t\t\t<div class=\"wpem-col\">\n\t\t\t\t<!-- shows default keywords text field  start-->\n\t\t\t\t<div class=\"wpem-form-group\">\n\t\t\t\t\t<label for=\"search_keywords\" class=\"wpem-form-label\">Mots-cl\u00e9s<\/label>\n\t\t\t\t\t<input type=\"text\" name=\"search_keywords\" id=\"search_keywords\" placeholder=\"Mots-cl\u00e9s\" value=\"\" \/>\n\t\t\t\t<\/div>\n\t\t\t\t<!-- shows default keywords text field end -->\n\t\t\t<\/div>\n\t\t\t<!-- Search by keywords section end-->\n\n\t\t\t<!-- Search by location section start -->\n\t\t\t<div class=\"wpem-col\">\n\t\t\t\t<div class=\"wpem-form-group wpem-location-container\">\n\t\t\t\t\t<label for=\"search_location\" class=\"wpem-form-label\">Lieu<\/label>\n\t\t\t\t\t<input type=\"text\" name=\"search_location\" id=\"search_location\" placeholder=\"Lieu\" value=\"\" \/>\n\t\t\t\t<\/div>\n\t\t\t<\/div>\n\t\t\t<!-- Search by location section end -->\n\n\t\t\t<!-- Search by date section start -->\n\t\t\t\n\t\t\t\t<div class=\"wpem-col\">\n\t\t\t\t\t<div class=\"wpem-form-group\">\n\t\t\t\t\t\t<label for=\"search_datetimes\" class=\"wpem-form-label\">N\u2019importe quelles dates<\/label>\n\t\t\t\t\t\t<input type=\"text\" name=\"search_datetimes[]\" id=\"search_datetimes\" value='' class=\"event-manager-category-dropdown date_range_picker\">\n\t\t\t\t\t<\/div>\n\t\t\t\t<\/div>\n\t\t\t\t\t\t<!-- Search by date section end -->\n\n\t\t<\/div> <!-- \/row -->\n\t\t<div class=\"wpem-row\">\n\t\t\t<!-- Search by event categories section start -->\n\t\t\t\t\t\t\t<div class=\"wpem-col\">\n\t\t\t\t\t<div class=\"wpem-form-group\">\n\t\t\t\t\t\t<label for=\"search_categories\" class=\"wpem-form-label\">Cat\u00e9gorie<\/label>\n\t\t\t\t\t\t<select name='search_categories[]' id='search_categories' class='event-manager-category-dropdown' data-placeholder='Choisissez une cat\u00e9gorie' data-no_results_text='Aucun r\u00e9sultat ne correspond' data-multiple_text='Choisir la ou les cat\u00e9gori(e)s'>\n<option value=\"\">Choisir une cat\u00e9gorie\u00a0d\u2019\u00e9v\u00e8nement<\/option>\t<option class=\"level-0\" value=\"business-professional\">Business &amp; Professional<\/option>\n\t<option class=\"level-0\" value=\"charity-causes\">Charity &amp; Causes<\/option>\n\t<option class=\"level-0\" value=\"community-culture\">Community &amp; Culture<\/option>\n\t<option class=\"level-0\" value=\"family-education\">Family &amp; Education<\/option>\n\t<option class=\"level-0\" value=\"fashion-beauty\">Fashion &amp; Beauty<\/option>\n\t<option class=\"level-0\" value=\"film-media-entertainment\">Film, Media &amp; Entertainment<\/option>\n\t<option class=\"level-0\" value=\"food-drink\">Food &amp; Drink<\/option>\n\t<option class=\"level-0\" value=\"game-or-competition\">Game or Competition<\/option>\n\t<option class=\"level-0\" value=\"other\">Other<\/option>\n\t<option class=\"level-0\" value=\"performing-visual-arts\">Performing &amp; Visual Arts<\/option>\n\t<option class=\"level-0\" value=\"science-technology\">Science &amp; Technology<\/option>\n\t<option class=\"level-0\" value=\"sports-fitness\">Sports &amp; Fitness<\/option>\n<\/select>\n\t\t\t\t\t<\/div>\n\t\t\t\t<\/div>\n\t\t\t\t\t\t<!-- Search by event categories section end -->\n\n\t\t\t<!-- Search by event type section start -->\n\t\t\t\t\t\t\t<div class=\"wpem-col\">\n\t\t\t\t\t<div class=\"wpem-form-group\">\n\t\t\t\t\t\t<label for=\"search_event_types\" class=\"wpem-form-label\">Type d\u2019\u00e9v\u00e8nement<\/label>\n\t\t\t\t\t\t<select name='search_event_types[]' id='search_event_types' class='event-manager-category-dropdown' data-placeholder='Choisir un type d\u2019\u00e9v\u00e8nement' data-no_results_text='Aucun r\u00e9sultat ne correspond' data-multiple_text='Choisir les types d\u2019\u00e9v\u00e8nement'>\n<option value=\"\">Choisissez un type d\u2019\u00e9v\u00e8nement<\/option>\t<option class=\"level-0\" value=\"appearance-or-signing\">Appearance or Signing<\/option>\n\t<option class=\"level-0\" value=\"attraction\">Attraction<\/option>\n\t<option class=\"level-0\" value=\"camp-trip-or-retreat\">Camp, Trip, or Retreat<\/option>\n\t<option class=\"level-0\" value=\"class-training-or-workshop\">Class, Training, or Workshop<\/option>\n\t<option class=\"level-0\" value=\"concert-or-performance\">Concert or Performance<\/option>\n\t<option class=\"level-0\" value=\"conference\">Conference<\/option>\n\t<option class=\"level-0\" value=\"convention\">Convention<\/option>\n\t<option class=\"level-0\" value=\"dinner-or-gala\">Dinner or Gala<\/option>\n\t<option class=\"level-0\" value=\"festival-or-fair\">Festival or Fair<\/option>\n\t<option class=\"level-0\" value=\"game-or-competition\">Game or Competition<\/option>\n\t<option class=\"level-0\" value=\"meeting-or-networking-event\">Meeting or Networking Event<\/option>\n\t<option class=\"level-0\" value=\"other\">Other<\/option>\n\t<option class=\"level-0\" value=\"party-or-social-gathering\">Party or Social Gathering<\/option>\n\t<option class=\"level-0\" value=\"race-or-endurance-event\">Race or Endurance Event<\/option>\n\t<option class=\"level-0\" value=\"rally\">Rally<\/option>\n\t<option class=\"level-0\" value=\"screening\">Screening<\/option>\n\t<option class=\"level-0\" value=\"seminar-or-talk\">Seminar or Talk<\/option>\n\t<option class=\"level-0\" value=\"tour\">Tour<\/option>\n\t<option class=\"level-0\" value=\"tournament\">Tournament<\/option>\n\t<option class=\"level-0\" value=\"tradeshow-consumer-show-or-expo\">Tradeshow, Consumer Show or Expo<\/option>\n<\/select>\n\t\t\t\t\t<\/div>\n\t\t\t\t<\/div>\n\t\t\t\t\t\t<!-- Search by event type section end -->\n\t\t<\/div> <!-- \/row -->\n\n\t\t\n\t<\/div>\n\t<div class=\"showing_applied_filters\"><\/div><\/form>\n<noscript>Votre navigateur ne supporte pas JavaScript, ou il est d\u00e9sactiv\u00e9. JavaScript doit \u00eatre activ\u00e9 pour voir les annonces.<\/noscript>\t<div class=\"no_event_listings_found wpem-alert wpem-alert-danger wpem-mb-0\">\n\t\tIl n\u2019y a actuellement aucun \u00e9v\u00e8nement.\t<\/div>\n\t\t\t\t<\/div>\n\t\t\t\t<\/div>\n\t\t\t\t<div class=\"elementor-element elementor-element-79a041d elementor-widget elementor-widget-event-listing\" data-id=\"79a041d\" data-element_type=\"widget\" data-e-type=\"widget\" data-widget_type=\"event-listing.default\">\n\t\t\t\t<div class=\"elementor-widget-container\">\n\t\t\t\t\t<div class=\"event_listings\" data-location=\"\" data-keywords=\"\" data-show_filters=\"true\" data-show_pagination=\"true\" data-per_page=\"10\" data-orderby=\"event_start_date\" data-order=\"DESC\" data-datetimes=\"\" data-categories=\"\" data-event_types=\"\" data-ticket_prices=\"\" data-event_online=\"\" data-cancelled=\"false\" >\n<form class=\"wpem-main wpem-form-wrapper wpem-event-filter-wrapper event_filters\" id=\"event_filters\">\n\t<input type=\"hidden\" id=\"wpem_filter_nonce\" name=\"wpem_filter_nonce\" value=\"80c85aad73\" \/><input type=\"hidden\" name=\"_wp_http_referer\" value=\"\/fr\/wp-json\/wp\/v2\/pages\/5217\" \/>\t\t<div class=\"search_events search-form-container\">\n\t\t\t\t<div class=\"wpem-row\">\n\t\t\t<!-- Search by keywords section start -->\n\t\t\t<div class=\"wpem-col\">\n\t\t\t\t<!-- shows default keywords text field  start-->\n\t\t\t\t<div class=\"wpem-form-group\">\n\t\t\t\t\t<label for=\"search_keywords\" class=\"wpem-form-label\">Mots-cl\u00e9s<\/label>\n\t\t\t\t\t<input type=\"text\" name=\"search_keywords\" id=\"search_keywords\" placeholder=\"Mots-cl\u00e9s\" value=\"\" \/>\n\t\t\t\t<\/div>\n\t\t\t\t<!-- shows default keywords text field end -->\n\t\t\t<\/div>\n\t\t\t<!-- Search by keywords section end-->\n\n\t\t\t<!-- Search by location section start -->\n\t\t\t<div class=\"wpem-col\">\n\t\t\t\t<div class=\"wpem-form-group wpem-location-container\">\n\t\t\t\t\t<label for=\"search_location\" class=\"wpem-form-label\">Lieu<\/label>\n\t\t\t\t\t<input type=\"text\" name=\"search_location\" id=\"search_location\" placeholder=\"Lieu\" value=\"\" \/>\n\t\t\t\t<\/div>\n\t\t\t<\/div>\n\t\t\t<!-- Search by location section end -->\n\n\t\t\t<!-- Search by date section start -->\n\t\t\t\n\t\t\t\t<div class=\"wpem-col\">\n\t\t\t\t\t<div class=\"wpem-form-group\">\n\t\t\t\t\t\t<label for=\"search_datetimes\" class=\"wpem-form-label\">N\u2019importe quelles dates<\/label>\n\t\t\t\t\t\t<input type=\"text\" name=\"search_datetimes[]\" id=\"search_datetimes\" value='' class=\"event-manager-category-dropdown date_range_picker\">\n\t\t\t\t\t<\/div>\n\t\t\t\t<\/div>\n\t\t\t\t\t\t<!-- Search by date section end -->\n\n\t\t<\/div> <!-- \/row -->\n\t\t<div class=\"wpem-row\">\n\t\t\t<!-- Search by event categories section start -->\n\t\t\t\t\t\t\t<div class=\"wpem-col\">\n\t\t\t\t\t<div class=\"wpem-form-group\">\n\t\t\t\t\t\t<label for=\"search_categories\" class=\"wpem-form-label\">Cat\u00e9gorie<\/label>\n\t\t\t\t\t\t<select name='search_categories[]' id='search_categories' class='event-manager-category-dropdown' data-placeholder='Choisissez une cat\u00e9gorie' data-no_results_text='Aucun r\u00e9sultat ne correspond' data-multiple_text='Choisir la ou les cat\u00e9gori(e)s'>\n<option value=\"\">Choisir une cat\u00e9gorie\u00a0d\u2019\u00e9v\u00e8nement<\/option>\t<option class=\"level-0\" value=\"business-professional\">Business &amp; Professional<\/option>\n\t<option class=\"level-0\" value=\"charity-causes\">Charity &amp; Causes<\/option>\n\t<option class=\"level-0\" value=\"community-culture\">Community &amp; Culture<\/option>\n\t<option class=\"level-0\" value=\"family-education\">Family &amp; Education<\/option>\n\t<option class=\"level-0\" value=\"fashion-beauty\">Fashion &amp; Beauty<\/option>\n\t<option class=\"level-0\" value=\"film-media-entertainment\">Film, Media &amp; Entertainment<\/option>\n\t<option class=\"level-0\" value=\"food-drink\">Food &amp; Drink<\/option>\n\t<option class=\"level-0\" value=\"game-or-competition\">Game or Competition<\/option>\n\t<option class=\"level-0\" value=\"other\">Other<\/option>\n\t<option class=\"level-0\" value=\"performing-visual-arts\">Performing &amp; Visual Arts<\/option>\n\t<option class=\"level-0\" value=\"science-technology\">Science &amp; Technology<\/option>\n\t<option class=\"level-0\" value=\"sports-fitness\">Sports &amp; Fitness<\/option>\n<\/select>\n\t\t\t\t\t<\/div>\n\t\t\t\t<\/div>\n\t\t\t\t\t\t<!-- Search by event categories section end -->\n\n\t\t\t<!-- Search by event type section start -->\n\t\t\t\t\t\t\t<div class=\"wpem-col\">\n\t\t\t\t\t<div class=\"wpem-form-group\">\n\t\t\t\t\t\t<label for=\"search_event_types\" class=\"wpem-form-label\">Type d\u2019\u00e9v\u00e8nement<\/label>\n\t\t\t\t\t\t<select name='search_event_types[]' id='search_event_types' class='event-manager-category-dropdown' data-placeholder='Choisir un type d\u2019\u00e9v\u00e8nement' data-no_results_text='Aucun r\u00e9sultat ne correspond' data-multiple_text='Choisir les types d\u2019\u00e9v\u00e8nement'>\n<option value=\"\">Choisissez un type d\u2019\u00e9v\u00e8nement<\/option>\t<option class=\"level-0\" value=\"appearance-or-signing\">Appearance or Signing<\/option>\n\t<option class=\"level-0\" value=\"attraction\">Attraction<\/option>\n\t<option class=\"level-0\" value=\"camp-trip-or-retreat\">Camp, Trip, or Retreat<\/option>\n\t<option class=\"level-0\" value=\"class-training-or-workshop\">Class, Training, or Workshop<\/option>\n\t<option class=\"level-0\" value=\"concert-or-performance\">Concert or Performance<\/option>\n\t<option class=\"level-0\" value=\"conference\">Conference<\/option>\n\t<option class=\"level-0\" value=\"convention\">Convention<\/option>\n\t<option class=\"level-0\" value=\"dinner-or-gala\">Dinner or Gala<\/option>\n\t<option class=\"level-0\" value=\"festival-or-fair\">Festival or Fair<\/option>\n\t<option class=\"level-0\" value=\"game-or-competition\">Game or Competition<\/option>\n\t<option class=\"level-0\" value=\"meeting-or-networking-event\">Meeting or Networking Event<\/option>\n\t<option class=\"level-0\" value=\"other\">Other<\/option>\n\t<option class=\"level-0\" value=\"party-or-social-gathering\">Party or Social Gathering<\/option>\n\t<option class=\"level-0\" value=\"race-or-endurance-event\">Race or Endurance Event<\/option>\n\t<option class=\"level-0\" value=\"rally\">Rally<\/option>\n\t<option class=\"level-0\" value=\"screening\">Screening<\/option>\n\t<option class=\"level-0\" value=\"seminar-or-talk\">Seminar or Talk<\/option>\n\t<option class=\"level-0\" value=\"tour\">Tour<\/option>\n\t<option class=\"level-0\" value=\"tournament\">Tournament<\/option>\n\t<option class=\"level-0\" value=\"tradeshow-consumer-show-or-expo\">Tradeshow, Consumer Show or Expo<\/option>\n<\/select>\n\t\t\t\t\t<\/div>\n\t\t\t\t<\/div>\n\t\t\t\t\t\t<!-- Search by event type section end -->\n\t\t<\/div> <!-- \/row -->\n\n\t\t\n\t<\/div>\n\t<div class=\"showing_applied_filters\"><\/div><\/form>\n<noscript>Votre navigateur ne supporte pas JavaScript, ou il est d\u00e9sactiv\u00e9. JavaScript doit \u00eatre activ\u00e9 pour voir les annonces.<\/noscript><div class=\"wpem-main wpem-event-listings-header\">\r\n    <div class=\"wpem-row\">\r\n        <div class=\"wpem-col wpem-col-12 wpem-col-sm-6 wpem-col-md-6 wpem-col-lg-8\">\r\n            <div class=\"wpem-event-listing-header-title\">\r\n                                    <h2 class=\"wpem-heading-text\">\u00c9v\u00e8nements<\/h2>\r\n                            <\/div>\r\n        <\/div>\r\n        <div class=\"wpem-col wpem-col-12 wpem-col-sm-6 wpem-col-md-6 wpem-col-lg-4\">\r\n            <div class=\"wpem-event-layout-action-wrapper\">\r\n                <div class=\"wpem-event-layout-action\">\r\n                                                                    <div class=\"wpem-event-layout-icon wpem-event-box-layout\" title=\"Vue en bo\u00eete d\u2019\u00e9v\u00e8nements\" id=\"wpem-event-box-layout\"><i class=\"wpem-icon-stop2\"><\/i><\/div>\r\n                        <div class=\"wpem-event-layout-icon wpem-event-list-layout wpem-active-layout\" title=\"Vue en liste des \u00e9v\u00e8nements\" id=\"wpem-event-list-layout\"><i class=\"wpem-icon-menu\"><\/i><\/div>\r\n                                                            <\/div>\r\n            <\/div>\r\n        <\/div>\r\n    <\/div>\r\n<\/div>\r\n\r\n<!-- Event listing view -->\r\n<div class=\"event_listings_main\">\r\n    <div id=\"event-listing-view\" class=\"wpem-main wpem-event-listings event_listings wpem-event-listing-list-view\" data-id=\"all\"><div class=\"wpem-event-box-col wpem-col wpem-col-12 wpem-col-md-6 wpem-col-lg-4\">\n    <!----- wpem-col-lg-4 value can be change by admin settings ------->\n    <div class=\"wpem-event-layout-wrapper\">\n        <div class=\"event_listing event-type-meeting-or-networking-event post-5259 type-event_listing status-expired hentry event_listing_type-meeting-or-networking-event\">\n            <a href=\"https:\/\/www.bglbc.org\/nl\/\u00e9v\u00e8nement\/is-your-business-ready-for-a-4-week-holiday\/\" class=\"wpem-event-action-url event-style-color meeting-or-networking-event\">\n                <div class=\"wpem-event-banner\">\n                    <div class=\"wpem-event-banner-img\" style=\"background-image: url(https:\/\/www.bglbc.org\/wp-content\/plugins\/wp-event-manager\/assets\/images\/wpem-placeholder-wide.jpg)\">\n                        <!-- Hide in list View \/\/ Show in Box View -->\n                                                <div class=\"wpem-event-date\">\n                            <div class=\"wpem-event-date-type\">\n                                                                    <div class=\"wpem-from-date\">\n                                        <div class=\"wpem-date\">06<\/div>\n                                        <div class=\"wpem-month\">Avr<\/div>\n                                    <\/div>\n                                                            <\/div>\n                        <\/div>\n                        <!-- Hide in list View \/\/ Show in Box View -->\n                    <\/div>\n                <\/div>\n\n                <div class=\"wpem-event-infomation\">\n                    <div class=\"wpem-event-date\">\n                        <div class=\"wpem-event-date-type\">\n                                                            <div class=\"wpem-from-date\">\n                                    <div class=\"wpem-date\">06<\/div>\n                                    <div class=\"wpem-month\">Avr<\/div>\n                                <\/div>\n                                                            <div class=\"wpem-to-date\">\n                                    <div class=\"wpem-date-separator\">-<\/div>\n                                    <div class=\"wpem-date\">06<\/div>\n                                    <div class=\"wpem-month\">Avr<\/div>\n                                <\/div>\n                                                    <\/div>\n                    <\/div>\n\n                    <div class=\"wpem-event-details\">\n                                                <div class=\"wpem-event-title\">\n                            <h3 class=\"wpem-heading-text\">How to Expand Your Business and Take a 4-week holiday without stress?<\/h3>\n                        <\/div>\n\n                        <div class=\"wpem-event-date-time\">\n                            <span class=\"wpem-event-date-time-text\">\n                                2023-04-06                                @  07:00 PM - 2023-04-06@  09:30 PM                            <\/span>\n                        <\/div>\n                        <div class=\"wpem-event-location\">\n                            <span class=\"wpem-event-location-text\">\n                                Dok Noord 7                            <\/span>\n                        <\/div>\n                                                    <div class=\"wpem-event-type\"><a href=\"https:\/\/www.bglbc.org\/fr\/event-type\/meeting-or-networking-event\/\"><span class=\"wpem-event-type-text event-type meeting-or-networking-event \">Meeting or Networking Event<\/span><\/a><\/div>\n                        \n                        <!-- Show in list View \/\/ Hide in Box View -->\n                                                <!-- Show in list View \/\/ Hide in Box View -->\n                                            <\/div>\n                <\/div>\n            <\/a>\n        <\/div>\n    <\/div>\n<\/div><div class=\"wpem-event-box-col wpem-col wpem-col-12 wpem-col-md-6 wpem-col-lg-4\">\n    <!----- wpem-col-lg-4 value can be change by admin settings ------->\n    <div class=\"wpem-event-layout-wrapper\">\n        <div class=\"event_listing event-type-meeting-or-networking-event post-2823 type-event_listing status-publish has-post-thumbnail hentry event_listing_category-business-professional event_listing_type-meeting-or-networking-event\">\n            <a href=\"https:\/\/www.bglbc.org\/nl\/\u00e9v\u00e8nement\/workplace-pride-event\/\" class=\"wpem-event-action-url event-style-color meeting-or-networking-event\">\n                <div class=\"wpem-event-banner\">\n                    <div class=\"wpem-event-banner-img\" style=\"background-image: url(https:\/\/www.bglbc.org\/wp-content\/uploads\/2022\/12\/Schermafbeelding-2023-01-24-om-08.43.45.png)\">\n                        <!-- Hide in list View \/\/ Show in Box View -->\n                                                <div class=\"wpem-event-date\">\n                            <div class=\"wpem-event-date-type\">\n                                                            <\/div>\n                        <\/div>\n                        <!-- Hide in list View \/\/ Show in Box View -->\n                    <\/div>\n                <\/div>\n\n                <div class=\"wpem-event-infomation\">\n                    <div class=\"wpem-event-date\">\n                        <div class=\"wpem-event-date-type\">\n                                                    <\/div>\n                    <\/div>\n\n                    <div class=\"wpem-event-details\">\n                                                <div class=\"wpem-event-title\">\n                            <h3 class=\"wpem-heading-text\">Workplace Pride Event<\/h3>\n                        <\/div>\n\n                        <div class=\"wpem-event-date-time\">\n                            <span class=\"wpem-event-date-time-text\">\n                                                                                            <\/span>\n                        <\/div>\n                        <div class=\"wpem-event-location\">\n                            <span class=\"wpem-event-location-text\">\n                                -                            <\/span>\n                        <\/div>\n                                                    <div class=\"wpem-event-type\"><a href=\"https:\/\/www.bglbc.org\/fr\/event-type\/meeting-or-networking-event\/\"><span class=\"wpem-event-type-text event-type meeting-or-networking-event \">Meeting or Networking Event<\/span><\/a><\/div>\n                        \n                        <!-- Show in list View \/\/ Hide in Box View -->\n                                                <!-- Show in list View \/\/ Hide in Box View -->\n                                            <\/div>\n                <\/div>\n            <\/a>\n        <\/div>\n    <\/div>\n<\/div><\/div>\n<\/div><\/div>\t\t\t\t<\/div>\n\t\t\t\t<\/div>\n\t\t\t\t\t<\/div>\n\t\t<\/div>\n\t\t\t\t\t<\/div>\n\t\t<\/section>\n\t\t\t\t<\/div>\n\t\t","protected":false},"excerpt":{"rendered":"<p>Events 23 May 23 May &#8211; 23 May UpStream BGLBC MeetUp 2023-05-23 11:00 AM &#8211; 2023-05-23 01:00 PM Rotterdam Meeting or Networking Event Keywords Location Any dates Category Choose a CategoryBusiness &amp; ProfessionalCharity &amp; CausesCommunity &amp; CultureFamily &amp; EducationFashion &amp; BeautyFilm, Media &amp; EntertainmentFood &amp; DrinkGame or CompetitionOtherPerforming &amp; Visual ArtsScience &amp; TechnologySports &amp; Fitness [&hellip;]<\/p>\n","protected":false},"author":27,"featured_media":0,"parent":0,"menu_order":0,"comment_status":"closed","ping_status":"closed","template":"","meta":{"footnotes":""},"class_list":["post-5217","page","type-page","status-publish","hentry"],"_links":{"self":[{"href":"https:\/\/www.bglbc.org\/fr\/wp-json\/wp\/v2\/pages\/5217","targetHints":{"allow":["GET"]}}],"collection":[{"href":"https:\/\/www.bglbc.org\/fr\/wp-json\/wp\/v2\/pages"}],"about":[{"href":"https:\/\/www.bglbc.org\/fr\/wp-json\/wp\/v2\/types\/page"}],"author":[{"embeddable":true,"href":"https:\/\/www.bglbc.org\/fr\/wp-json\/wp\/v2\/users\/27"}],"replies":[{"embeddable":true,"href":"https:\/\/www.bglbc.org\/fr\/wp-json\/wp\/v2\/comments?post=5217"}],"version-history":[{"count":8,"href":"https:\/\/www.bglbc.org\/fr\/wp-json\/wp\/v2\/pages\/5217\/revisions"}],"predecessor-version":[{"id":5360,"href":"https:\/\/www.bglbc.org\/fr\/wp-json\/wp\/v2\/pages\/5217\/revisions\/5360"}],"wp:attachment":[{"href":"https:\/\/www.bglbc.org\/fr\/wp-json\/wp\/v2\/media?parent=5217"}],"curies":[{"name":"wp","href":"https:\/\/api.w.org\/{rel}","templated":true}]}}