{"id":2831,"date":"2022-12-27T13:55:28","date_gmt":"2022-12-27T12:55:28","guid":{"rendered":"https:\/\/www.bglbc.org\/diversite-des-fournisseurs-2\/"},"modified":"2023-03-16T12:56:23","modified_gmt":"2023-03-16T11:56:23","slug":"diversite-des-fournisseurs-2","status":"publish","type":"page","link":"https:\/\/www.bglbc.org\/fr\/diversite-des-fournisseurs-2\/","title":{"rendered":"Diversit\u00e9 des Fournisseurs"},"content":{"rendered":"\t\t<div data-elementor-type=\"wp-page\" data-elementor-id=\"2831\" class=\"elementor elementor-2831 elementor-2180\">\n\t\t\t\t\t\t<section class=\"elementor-section elementor-top-section elementor-element elementor-element-200b6ccc elementor-section-boxed elementor-section-height-default elementor-section-height-default\" data-id=\"200b6ccc\" data-element_type=\"section\" data-e-type=\"section\">\n\t\t\t\t\t\t<div class=\"elementor-container elementor-column-gap-default\">\n\t\t\t\t\t<div class=\"elementor-column elementor-col-100 elementor-top-column elementor-element elementor-element-9329ca column-style-top column-top\" data-id=\"9329ca\" data-element_type=\"column\" data-e-type=\"column\">\n\t\t\t<div class=\"elementor-widget-wrap elementor-element-populated\">\n\t\t\t\t\t\t<div class=\"elementor-element elementor-element-2b9d0dc2 elementor-widget elementor-widget-text-editor\" data-id=\"2b9d0dc2\" data-element_type=\"widget\" data-e-type=\"widget\" data-widget_type=\"text-editor.default\">\n\t\t\t\t<div class=\"elementor-widget-container\">\n\t\t\t\t\t\t\t\t\t<p><span style=\"color: rgb(66, 66, 66); font-family: &quot;Playfair Display&quot;; font-size: 1.575rem; font-weight: 700;\">ENSEMBLE, NOUS SOMMES PLUS FORTS<\/span><br><\/p><div class=\"flex_column av_one_full flex_column_div av-zero-column-padding first avia-builder-el-4 el_after_av_one_full avia-builder-el-last column-top-margin\"><section class=\"av_textblock_section \"><div class=\"avia_textblock \">\n<p>Le BGLBC s\u2019appuie sur la force de ses membres. Ensemble, soutenus par nos entreprises partenaires, nous cr\u00e9ons une communaut\u00e9 d\u2019affaires LGBTIQ locale et nationale plus forte. En partenariat avec notre organisation fa\u00eeti\u00e8re \u2013&nbsp;<a href=\"http:\/\/ensemble%2C%20nous%20sommes%20plus%20forts%20le%20bglbc%20s%27appuie%20sur%20la%20force%20de%20ses%20membres.%20ensemble%2C%20soutenus%20par%20nos%20entreprises%20partenaires%2C%20nous%20cr%C3%A9ons%20une%20communaut%C3%A9%20d%27affaires%20lgbtiq%20locale%20et%20nationale%20plus%20forte.%20en%20partenariat%20avec%20notre%20organisation%20fa%C3%AEti%C3%A8re%20-%20l%27eglcc%20%28chambre%20de%20commerce%20europ%C3%A9enne%20lgbtiq%29%2C%20nous%20renfor%C3%A7ons%20nos%20liens%20europ%C3%A9ens%20et%20%C3%A9largissons%20notre%20client%C3%A8le%20potentielle.%20le%20bglbc%20a%20%C3%A9t%C3%A9%20inaugur%C3%A9%20en%20septembre%202022.%20depuis%20lors%2C%20il%20s%27emploie%20%C3%A0%20d%C3%A9velopper%20une%20plate-forme%20pour%20mettre%20en%20relation%20des%20entreprises%20lgbtiq%20ax%C3%A9es%20sur%20la%20croissance%2C%20cr%C3%A9atives%20et%20innovantes%20avec%20des%20entreprises%20qui%20reconnaissent%20et%20soutiennent%20les%20opportunit%C3%A9s%20qu%27offre%20une%20cha%C3%AEne%20d%27approvisionnement%20inclusive%20et%20diversifi%C3%A9e.%20diversit%C3%A9%20des%20fournisseurs%20le%20monde%20est%20reli%C3%A9%20par%20des%20cha%C3%AEnes%20d%27approvisionnement%20mondiales%20et%20locales%20et%20de%20nombreuses%20soci%C3%A9t%C3%A9s%20multinationales%20%28mnc%29%20ont%20compris%20l%27int%C3%A9r%C3%AAt%20d%27%C3%A9largir%20leur%20champ%20d%27action%20pour%20inclure%20divers%20fournisseurs.%20leur%20justification%20pour%20faire%20des%20cha%C3%AEnes%20d%27approvisionnement%20inclusives%20une%20priorit%C3%A9%20va%20d%27un%20engagement%20commercial%20envers%20la%20responsabilit%C3%A9%20sociale%20au%20d%C3%A9sir%20d%27%C3%AAtre%20un%20leader%20comp%C3%A9titif%20et%20dynamique%20sur%20le%20march%C3%A9.%20les%20entreprises%20lgbtiq%20sont%20id%C3%A9alement%20positionn%C3%A9es%20au%20sein%20de%20ce%20lien%20pour%20fournir%20non%20seulement%20une%20expertise%20et%20des%20connaissances%2C%20mais%20%C3%A9galement%20une%20entr%C3%A9e%20sur%20les%20march%C3%A9s%20vari%C3%A9s%20et%20riches%20que%20recherchent%20les%20multinationales.%20les%20entreprises%20lgbtiq%20sont%20%C3%A9galement%20bien%20plac%C3%A9es%20pour%20anticiper%20les%20besoins%20futurs%20de%20ces%20march%C3%A9s%20et%20r%C3%A9pondre%20rapidement%20et%20de%20mani%C3%A8re%20cr%C3%A9ative%20%C3%A0%20toute%20nouvelle%20opportunit%C3%A9.%20en%20plus%20de%20l%27int%C3%A9r%C3%AAt%20croissant%20des%20multinationales%2C%20un%20nombre%20croissant%20de%20groupes%20d%27investissement%20souhaitent%20investir%20dans%20des%20entreprises%20engag%C3%A9es%20dans%20la%20diversit%C3%A9%20des%20fournisseurs.%20en%20s%27associant%20%C3%A0%20la%20bglbc%2C%20les%20entreprises%20peuvent%20illustrer%20cet%20engagement.%20%C3%80%20leur%20tour%2C%20les%20entreprises%20lgbtiq%20peuvent%20am%C3%A9liorer%20leur%20position%20sur%20le%20march%C3%A9%20en%20s%27inscrivant%20%28gratuitement%29%20aupr%C3%A8s%20du%20bglbc%20et%20en%20postulant%20pour%20devenir%20une%20entreprise%20valid%C3%A9e%20d%C3%A9tenue%20et%20exploit%C3%A9e%20par%20des%20lgbtiq.%20en%20plus%20de%20fournir%20%C3%A0%20ses%20membres%20une%20plate-forme%20%C3%A0%20partir%20de%20laquelle%20ils%20peuvent%20capitaliser%20sur%20un%20large%20%C3%A9ventail%20de%20nouvelles%20opportunit%C3%A9s%20commerciales%2C%20le%20bglbc%20s%27engage%20%C3%A9galement%20%C3%A0%20fournir%20un%20espace%20pour%20construire%20un%20r%C3%A9seau%20solide%2C%20r%C3%A9silient%20et%20connect%C3%A9%20d%27entreprises%20lgbtiq.%20en%20tant%20que%20membre%20de%20cette%20communaut%C3%A9%20dynamique%20et%20en%20pleine%20croissance%2C%20nous%20nous%20responsabilisons%20mutuellement%20et%20ensemble%2C%20nous%20faisons%20avancer%20notre%20mission%20commune.%20alors%20que%20notre%20mission%20principale%20est%20de%20d%C3%A9velopper%20notre%20communaut%C3%A9%20d%27affaires%20lgbtiq%20et%20de%20fournir%20un%20point%20de%20contact%20cl%C3%A9%20pour%20les%20entreprises%20int%C3%A9ress%C3%A9es%20%C3%A0%20faire%20des%20affaires%20avec%20nous%2C%20nous%20sommes%20%C3%A9galement%20d%C3%A9di%C3%A9s%20%C3%A0%20la%20responsabilit%C3%A9%20sociale%20qui%20accompagne%20la%20repr%C3%A9sentation%20d%27un%20groupe%20de%20personnes%20merveilleusement%20diversifi%C3%A9.%20%C3%80%20cette%20fin%2C%20nous%20avons%20l%27intention%20d%27utiliser%20cette%20plateforme%20pour%20sensibiliser%20et%20promouvoir%20des%20m%C3%A9thodes%20de%20travail%20inclusives.%20inscription%20aupr%C3%A8s%20de%20la%20bglbc%20c%27est%20un%20service%20gratuit.%20si%20vous%20souhaitez%20devenir%20membre%20de%20la%20chambre%20benelux%2C%20veuillez%20suivre%20le%20lien%20et%20remplir%20le%20formulaire%20d%27inscription.%20devenir%20une%20entreprise%20lgbtiq%20valid%C3%A9e%20les%20entreprises%20d%C3%A9tenues%20et%20exploit%C3%A9es%20%C3%A0%20au%20moins%2051%C2%A0%25%20par%20des%20lgbtiq%20peuvent%20demander%20une%20validation%20via%20le%20bglbc\/EGLCC.%20Des%20directives%20claires%20sont%20fournies%20au%20cours%20du%20processus%20de%20candidature%20et%20une%20assistance%20est%20disponible%20en%20cas%20de%20besoin.%20L'%C3%A9valuation%20est%20effectu%C3%A9e%20par%20des%20%C3%A9valuateurs%20externes.%20Accueillir%20Nous%20nous%20r%C3%A9jouissons%20de%20vous%20accueillir%20dans%20notre%20chambre%20de%20commerce.\">l\u2019EGLCC<\/a>&nbsp;(Chambre de commerce europ\u00e9enne LGBTIQ), nous renfor\u00e7ons nos liens europ\u00e9ens et \u00e9largissons notre client\u00e8le potentielle.<\/p>\n<p>Le BGLBC a \u00e9t\u00e9 inaugur\u00e9 en septembre 2022. Depuis lors, il s\u2019emploie \u00e0 d\u00e9velopper une plate-forme pour mettre en relation des entreprises LGBTIQ ax\u00e9es sur la croissance, cr\u00e9atives et innovantes avec des entreprises qui reconnaissent et soutiennent les opportunit\u00e9s qu\u2019offre une cha\u00eene d\u2019approvisionnement inclusive et diversifi\u00e9e.<\/p>\n<h2>DIVERSIT\u00c9 DES FOURNISSEURS<\/h2>\n<p>Le monde est reli\u00e9 par des cha\u00eenes d\u2019approvisionnement mondiales et locales et de nombreuses soci\u00e9t\u00e9s multinationales (MNC) ont compris l\u2019int\u00e9r\u00eat d\u2019\u00e9largir leur champ d\u2019action pour inclure divers fournisseurs. Leur justification pour faire des cha\u00eenes d\u2019approvisionnement inclusives une priorit\u00e9 va d\u2019un engagement commercial envers la responsabilit\u00e9 sociale au d\u00e9sir d\u2019\u00eatre un leader comp\u00e9titif et dynamique sur le march\u00e9.<\/p>\n<p>Les entreprises LGBTIQ sont id\u00e9alement positionn\u00e9es au sein de ce lien pour fournir non seulement une expertise et des connaissances, mais \u00e9galement une entr\u00e9e sur les march\u00e9s vari\u00e9s et riches que recherchent les multinationales. Les entreprises LGBTIQ sont \u00e9galement bien plac\u00e9es pour anticiper les besoins futurs de ces march\u00e9s et r\u00e9pondre rapidement et de mani\u00e8re cr\u00e9ative \u00e0 toute nouvelle opportunit\u00e9.<\/p>\n<p>En plus de l\u2019int\u00e9r\u00eat croissant des multinationales, un nombre croissant de groupes d\u2019investissement souhaitent investir dans des entreprises engag\u00e9es dans la diversit\u00e9 des fournisseurs. En s\u2019associant \u00e0 la BGLBC, les entreprises peuvent illustrer cet engagement. \u00c0 leur tour, les entreprises LGBTIQ peuvent am\u00e9liorer leur position sur le march\u00e9 en s\u2019inscrivant (gratuitement) aupr\u00e8s du BGLBC et en postulant pour devenir une entreprise valid\u00e9e d\u00e9tenue et exploit\u00e9e par des LGBTIQ.<\/p>\n<p>En plus de fournir \u00e0 ses membres une plate-forme \u00e0 partir de laquelle ils peuvent capitaliser sur un large \u00e9ventail de nouvelles opportunit\u00e9s commerciales, le BGLBC s\u2019engage \u00e9galement \u00e0 fournir un espace pour construire un r\u00e9seau solide, r\u00e9silient et connect\u00e9 d\u2019entreprises LGBTIQ. En tant que membre de cette communaut\u00e9 dynamique et en pleine croissance, nous nous responsabilisons mutuellement et ensemble, nous faisons avancer notre mission commune.<\/p>\n<p>Alors que notre mission principale est de d\u00e9velopper notre communaut\u00e9 d\u2019affaires LGBTIQ et de fournir un point de contact cl\u00e9 pour les entreprises int\u00e9ress\u00e9es \u00e0 faire des affaires avec nous, nous sommes \u00e9galement d\u00e9di\u00e9s \u00e0 la responsabilit\u00e9 sociale qui accompagne la repr\u00e9sentation d\u2019un groupe de personnes merveilleusement diversifi\u00e9. \u00c0 cette fin, nous avons l\u2019intention d\u2019utiliser cette plateforme pour sensibiliser et promouvoir des m\u00e9thodes de travail inclusives.<\/p>\n<h2>INSCRIPTION AUPR\u00c8S DE LA BGLBC<\/h2>\n<p>C\u2019est un service gratuit. Si vous souhaitez devenir membre de la chambre Benelux, veuillez&nbsp;<a href=\"https:\/\/www.bglbc.org\/fr\/sinscrire\/\">suivre le lien<\/a>&nbsp;et remplir le formulaire d\u2019inscription.<\/p>\n<h2>DEVENIR UNE ENTREPRISE LGBTIQ VALID\u00c9E<\/h2>\n<p>Les entreprises d\u00e9tenues et exploit\u00e9es par des LGBTIQ peuvent demander une validation via le BGLBC\/EGLCC. Des directives claires sont fournies au cours du processus de candidature et une assistance est disponible en cas de besoin. L\u2019\u00e9valuation est effectu\u00e9e par des \u00e9valuateurs externes.<\/p>\n<h2>BIENVENUE<\/h2>\n<p>Nous nous r\u00e9jouissons de vous accueillir dans notre chambre de commerce.<\/p>\n<\/div>\n<\/section>\n<\/div>\n<p><br><\/p>\t\t\t\t\t\t\t\t<\/div>\n\t\t\t\t<\/div>\n\t\t\t\t\t<\/div>\n\t\t<\/div>\n\t\t\t\t\t<\/div>\n\t\t<\/section>\n\t\t\t\t<\/div>\n\t\t","protected":false},"excerpt":{"rendered":"<p>ENSEMBLE, NOUS SOMMES PLUS FORTS Le BGLBC s\u2019appuie sur la force de ses membres. Ensemble, soutenus par nos entreprises partenaires, nous cr\u00e9ons une communaut\u00e9 d\u2019affaires LGBTIQ locale et nationale plus forte. En partenariat avec notre organisation fa\u00eeti\u00e8re \u2013&nbsp;l\u2019EGLCC&nbsp;(Chambre de commerce europ\u00e9enne LGBTIQ), nous renfor\u00e7ons nos liens europ\u00e9ens et \u00e9largissons notre client\u00e8le potentielle. Le BGLBC a [&hellip;]<\/p>\n","protected":false},"author":27,"featured_media":0,"parent":0,"menu_order":0,"comment_status":"closed","ping_status":"closed","template":"elementor_theme","meta":{"footnotes":""},"class_list":["post-2831","page","type-page","status-publish","hentry"],"_links":{"self":[{"href":"https:\/\/www.bglbc.org\/fr\/wp-json\/wp\/v2\/pages\/2831","targetHints":{"allow":["GET"]}}],"collection":[{"href":"https:\/\/www.bglbc.org\/fr\/wp-json\/wp\/v2\/pages"}],"about":[{"href":"https:\/\/www.bglbc.org\/fr\/wp-json\/wp\/v2\/types\/page"}],"author":[{"embeddable":true,"href":"https:\/\/www.bglbc.org\/fr\/wp-json\/wp\/v2\/users\/27"}],"replies":[{"embeddable":true,"href":"https:\/\/www.bglbc.org\/fr\/wp-json\/wp\/v2\/comments?post=2831"}],"version-history":[{"count":5,"href":"https:\/\/www.bglbc.org\/fr\/wp-json\/wp\/v2\/pages\/2831\/revisions"}],"predecessor-version":[{"id":5206,"href":"https:\/\/www.bglbc.org\/fr\/wp-json\/wp\/v2\/pages\/2831\/revisions\/5206"}],"wp:attachment":[{"href":"https:\/\/www.bglbc.org\/fr\/wp-json\/wp\/v2\/media?parent=2831"}],"curies":[{"name":"wp","href":"https:\/\/api.w.org\/{rel}","templated":true}]}}